{"id":992,"date":"2017-01-19T14:38:16","date_gmt":"2017-01-19T14:38:16","guid":{"rendered":"http:\/\/wordix.inesctec.pt\/wp-brain\/?page_id=992"},"modified":"2017-01-19T15:06:42","modified_gmt":"2017-01-19T15:06:42","slug":"oportunities","status":"publish","type":"page","link":"https:\/\/brain.inesctec.pt\/?page_id=992","title":{"rendered":"Opportunities @ BRAIN"},"content":{"rendered":"<p>BRAIN is hiring:<\/p>\n<p><strong> #1 CONCURSO PARA A ATRIBUI\u00c7\u00c3O DE 1 BOLSA(S) DE INVESTIGA\u00c7\u00c3O PARA MESTRE &#8211; VR2MARKET: DESENVOLVIMENTO DUM PRODUTO PARA MONITORIZA\u00c7\u00c3O M\u00d3VEL E VEST\u00cdVEL DA SA\u00daDE DE PROFISSIONAIS DE PRIMEIRA RESPOSTA E DE OUTRAS PROFISS\u00d5ES DE RISCO<\/strong><\/p>\n<p>O INESC TEC abre concurso para a atribui\u00e7\u00e3o de 1 Bolsa(s) de Investiga\u00e7\u00e3o para Mestre &#8211; VR2Market: Desenvolvimento dum Produto para Monitoriza\u00e7\u00e3o M\u00f3vel e Vest\u00edvel da Sa\u00fade de Profissionais de Primeira Resposta e de outras Profiss\u00f5es de Risco. \u00c1rea de trabalho: Sinal biom\u00e9dico e processamento de imagem. Habilita\u00e7\u00f5es acad\u00e9micas: Mestrado Integrado em Eng. Biom\u00e9dica; Eng. Electrot\u00e9cnica e de Computadores; Inform\u00e1tica. Requisitos m\u00ednimos: Experi\u00eancia anterior no desenvolvimento de multi-sensor de processamento e an\u00e1lise de informa\u00e7\u00f5es para dados biom\u00e9dicos. Fatores de prefer\u00eancia: Experi\u00eancia anterior em: design e desenvolvimento de informa\u00e7\u00e3o de multi-sensor biom\u00e9dico e an\u00e1lise;abordagem computer vision para dados biom\u00e9dicos; tecnologias 3D.<\/p>\n<p>Link Concurso: <a href=\"https:\/\/www.inesctec.pt\/seja-nosso-colaborador\/bolsas-inesctec\/AE2017-0005\/\">https:\/\/www.inesctec.pt\/seja-nosso-colaborador\/bolsas-inesctec\/AE2017-0005\/<\/a><\/p>\n<p><strong>#2 CONCURSO PARA A ATRIBUI\u00c7\u00c3O DE 1 BOLSA(S) DE INVESTIGA\u00c7\u00c3O PARA MESTRE &#8211; NANOSTIMA ? MACRO-TO-NANO HUMAN SENSING: TOWARDS INTEGRATED MULTIMODAL HEALTH MONITORING AND ANALYTICS<\/strong><\/p>\n<p>O INESC TEC abre concurso para a atribui\u00e7\u00e3o de 1 Bolsa(s) de Investiga\u00e7\u00e3o para Mestre &#8211; NanoSTIMA ? Macro-to-Nano Human Sensing: Towards Integrated Multimodal Health Monitoring and Analytics. \u00c1rea de trabalho: Instrumenta\u00e7\u00e3o Biom\u00e9dica. Habilita\u00e7\u00f5es acad\u00e9micas: Mestrado Eng. Electrot\u00e9cnica,Electr\u00f3nica e Telecom, Computadores ou afim;. Requisitos m\u00ednimos: Experi\u00eancia anterior em sensores, electr\u00f3nica anal\u00f3gica e amplificadores de instrumenta\u00e7\u00e3o; Experi\u00eancia em circuitos digitais com microcontroladores e sistemas embarcados. Fatores de prefer\u00eancia: Experi\u00eancia anterior em sistemas vest\u00edveis e t\u00eaxteis inteligentes, sensores inerciais MEMS e sistemas de comunica\u00e7\u00e3o RF (Bluetooth, wi-fi, zigbee, etc.);.<\/p>\n<p>Link Concurso: <a href=\"https:\/\/www.inesctec.pt\/seja-nosso-colaborador\/bolsas-inesctec\/AE2017-0003\/\">https:\/\/www.inesctec.pt\/seja-nosso-colaborador\/bolsas-inesctec\/AE2017-0003\/<\/a><\/p>\n","protected":false},"excerpt":{"rendered":"<p>BRAIN is hiring: #1 CONCURSO PARA A ATRIBUI\u00c7\u00c3O DE 1 BOLSA(S) DE INVESTIGA\u00c7\u00c3O PARA MESTRE &#8211; VR2MARKET: DESENVOLVIMENTO DUM PRODUTO PARA MONITORIZA\u00c7\u00c3O M\u00d3VEL E VEST\u00cdVEL DA SA\u00daDE DE PROFISSIONAIS DE PRIMEIRA RESPOSTA E DE OUTRAS PROFISS\u00d5ES DE RISCO O INESC TEC abre concurso para a atribui\u00e7\u00e3o de 1 Bolsa(s) de Investiga\u00e7\u00e3o para Mestre &#8211; VR2Market: [&hellip;]<\/p>\n","protected":false},"author":1,"featured_media":0,"parent":0,"menu_order":0,"comment_status":"closed","ping_status":"closed","template":"","meta":{"footnotes":""},"class_list":["post-992","page","type-page","status-publish","czr-hentry"],"_links":{"self":[{"href":"https:\/\/brain.inesctec.pt\/index.php?rest_route=\/wp\/v2\/pages\/992","targetHints":{"allow":["GET"]}}],"collection":[{"href":"https:\/\/brain.inesctec.pt\/index.php?rest_route=\/wp\/v2\/pages"}],"about":[{"href":"https:\/\/brain.inesctec.pt\/index.php?rest_route=\/wp\/v2\/types\/page"}],"author":[{"embeddable":true,"href":"https:\/\/brain.inesctec.pt\/index.php?rest_route=\/wp\/v2\/users\/1"}],"replies":[{"embeddable":true,"href":"https:\/\/brain.inesctec.pt\/index.php?rest_route=%2Fwp%2Fv2%2Fcomments&post=992"}],"version-history":[{"count":5,"href":"https:\/\/brain.inesctec.pt\/index.php?rest_route=\/wp\/v2\/pages\/992\/revisions"}],"predecessor-version":[{"id":1004,"href":"https:\/\/brain.inesctec.pt\/index.php?rest_route=\/wp\/v2\/pages\/992\/revisions\/1004"}],"wp:attachment":[{"href":"https:\/\/brain.inesctec.pt\/index.php?rest_route=%2Fwp%2Fv2%2Fmedia&parent=992"}],"curies":[{"name":"wp","href":"https:\/\/api.w.org\/{rel}","templated":true}]}}