{"id":74,"date":"2016-05-17T08:08:30","date_gmt":"2016-05-17T08:08:30","guid":{"rendered":"http:\/\/wordix.inesctec.pt\/wp-brain\/?page_id=74"},"modified":"2016-07-18T10:40:31","modified_gmt":"2016-07-18T10:40:31","slug":"scope","status":"publish","type":"page","link":"https:\/\/brain.inesctec.pt\/?page_id=74","title":{"rendered":"SCOPE"},"content":{"rendered":"<h3>Stress, coping among police officers<\/h3>\n<p>SCOPE project investigates stress, coping among police officers working in real world. For this purpose an innovative Ambulatory Assessment protocol was designed by an interdisciplinary research team (e.g., psychology, engineering, biomedical) combining psychophysiological measures. Theoretical implications of the project will contribute to the development of the state of the art in the area of occupational health assessment among police officers. Applied implications include the development of a technological product able to assess police officers occupational health while working in real world scenarios. Finally, outcomes will impact police officers health and well-being, while contributing to the overall community safeguard.<\/p>\n<p><img loading=\"lazy\" decoding=\"async\" src=\"http:\/\/brain.inesctec.pt\/images\/research\/scope\/Poster_SCOPE_2.jpg\" width=\"747\" height=\"823\" class=\"aligncenter\" \/><\/p>\n<p><strong><\/p>\n<h3>Key Publications:<\/h3>\n<p><\/strong><\/p>\n<ul>\n<li>Kaiseler, M., Queir\u00f3s, C., &#038; Rodrigues, S. (2016). New approaches to compare police practice in Europe: an occupational health perspective. In D. Nogala, K. Neidhardt, Th. Gorgen, G. Mesko, J.-M- Fiquet &#038; J. Kersten. European Police Science and Research Bulletin. Special Conference Issue, pp. 139-142\n<\/li>\n<li>Rodrigues, S., Kaiseler, M., &#038; Queir\u00f3s, C. (2015). Ecological approaches on stress assessment: A systematic review. European Psychologist, 20(3), 204-226. doi:10.1027\/1016-9040\/a000222\n<\/li>\n<li> Rodrigues, S., Kaiseler, M., Queir\u00f3s, C., &#038; Bastos-Pereira, M. (2016). Stress, coping and coping effectiveness among police patrol officers in Portugal: A daily diary study [Article in submission]\n       <\/li>\n<li>\n        Rodrigues, S., Kaiseler, M., Queir\u00f3s, C, Sinval, J., &#038; Mar\u00f4co, J. (2016). Do stress and coping influence police officers engagement levels during and after academy training? [Article in submission]\n      <\/li>\n<li>Rodrigues, S., Kaiseler, M., Pimentel, G., Rodrigues, J., Aguiar, A., Queir\u00f3s, C., &#038; Cunha, J.P.S. (2016). Psychophysiological assessment of stress among police officers: An ambulatory assessment study [Article in submission]<\/li>\n<li>Rodrigues, S., Kaiseler, M., &#038; Queir\u00f3s, C. (2014). Stress and coping among police officers: a diary study. In S. Lavicoli. &#038; P. Dewe (Eds.), Looking at the past \u2013 planning for the future: Capitalizing on OHP multidisciplinarity. Book of Proceedings of the 11th European Academy of Occupational Health Psychology (pp. 86-87). London: EAOHP.<\/li>\n<li>\n          Kaiseler, M., Queir\u00f3s, C., &#038; Rodrigues, S. (2014). Longitudinal study on engagement levels among Portuguese police officers. In S. Lavicoli &#038; P. Dewe (Eds.), Looking at the past \u2013 planning for the future: Capitalizing on OHP multidisciplinarity. Book of Proceedings of the 11th European Academy of Occupational Health Psychology (pp. 87-88). London: EAOHP.\n        <\/li>\n<li>Kaiseler, M., Rodrigues, S., Ribeiro, V., Aguiar, A., &#038; Cunha, J.P.S. (2013). An ambulatory method to assess stress and coping among Portuguese police officers. Book of Proceedings of the Society for Ambulatory Assessment 3rd Conference (p. 28-29). Amsterdam: SAA Executive Committee.<\/li>\n<li>Rodrigues, S., Kaiseler, M., Queir\u00f3s, C. &#038; Macedo, M. (2013). Interdisciplinary methodologies for the assessment of stress in ecological settings. In M. Calheiros, A. Pereira, P. Vagos, I. Direito, M. Garrido &#038; D. Lopes (Eds.), Investiga\u00e7\u00e3o em Psicologia: Book of Proceedings of the VIII Simp\u00f3sio Nacional da Associa\u00e7\u00e3o Portuguesa de Psicologia (p. 195). Lisboa: Associa\u00e7\u00e3o Portuguesa de Psicologia.<\/li>\n<\/ul>\n<p><strong><br \/>\nPartners:<\/strong><br \/>\n<img loading=\"lazy\" decoding=\"async\" src=\"http:\/\/wordix.inesctec.pt\/wp-brain\/wp-content\/uploads\/2016\/06\/FPCEUP80.jpg\" alt=\"FPCEUP80\" width=\"140\" height=\"80\" class=\"size-full wp-image-173\" \/><img loading=\"lazy\" decoding=\"async\" src=\"http:\/\/wordix.inesctec.pt\/wp-brain\/wp-content\/uploads\/2016\/06\/feup80.jpg\" alt=\"feup80\" width=\"192\" height=\"80\" class=\"size-full wp-image-171\" \/><img loading=\"lazy\" decoding=\"async\" src=\"http:\/\/wordix.inesctec.pt\/wp-brain\/wp-content\/uploads\/2016\/06\/inesctec80.jpg\" alt=\"inesctec80\" width=\"214\" height=\"80\" class=\"size-full wp-image-179\" \/><img loading=\"lazy\" decoding=\"async\" src=\"http:\/\/wordix.inesctec.pt\/wp-brain\/wp-content\/uploads\/2016\/06\/PSP80.jpg\" alt=\"PSP80\" width=\"80\" height=\"80\" class=\"size-full wp-image-192\" \/><img loading=\"lazy\" decoding=\"async\" src=\"http:\/\/wordix.inesctec.pt\/wp-brain\/wp-content\/uploads\/2016\/06\/leadsUni80.jpg\" alt=\"leadsUni80\" width=\"66\" height=\"80\" class=\"size-full wp-image-184\" \/><br \/>\n<strong>Funding:<\/strong><br \/>\n<img loading=\"lazy\" decoding=\"async\" src=\"http:\/\/wordix.inesctec.pt\/wp-brain\/wp-content\/uploads\/2016\/06\/marieCurieAction80.jpg\" alt=\"marieCurieAction80\" width=\"82\" height=\"80\" class=\"size-full wp-image-187\" \/><img loading=\"lazy\" decoding=\"async\" src=\"http:\/\/wordix.inesctec.pt\/wp-brain\/wp-content\/uploads\/2016\/06\/fct80.jpg\" alt=\"fct80\" width=\"133\" height=\"80\" class=\"size-full wp-image-170\" \/><img loading=\"lazy\" decoding=\"async\" src=\"http:\/\/wordix.inesctec.pt\/wp-brain\/wp-content\/uploads\/2016\/06\/fcporto80.jpg\" alt=\"fcporto80\" width=\"161\" height=\"80\" class=\"size-full wp-image-169\" \/><img loading=\"lazy\" decoding=\"async\" src=\"http:\/\/wordix.inesctec.pt\/wp-brain\/wp-content\/uploads\/2016\/06\/FP780.jpeg\" alt=\"FP780\" width=\"98\" height=\"80\" class=\"size-full wp-image-172\" \/><\/p>\n","protected":false},"excerpt":{"rendered":"<p>Stress, coping among police officers SCOPE project investigates stress, coping among police officers working in real world. For this purpose an innovative Ambulatory Assessment protocol was designed by an interdisciplinary research team (e.g., psychology, engineering, biomedical) combining psychophysiological measures. Theoretical implications of the project will contribute to the development of the state of the art [&hellip;]<\/p>\n","protected":false},"author":1,"featured_media":0,"parent":0,"menu_order":0,"comment_status":"closed","ping_status":"closed","template":"","meta":{"footnotes":""},"class_list":["post-74","page","type-page","status-publish","czr-hentry"],"_links":{"self":[{"href":"https:\/\/brain.inesctec.pt\/index.php?rest_route=\/wp\/v2\/pages\/74","targetHints":{"allow":["GET"]}}],"collection":[{"href":"https:\/\/brain.inesctec.pt\/index.php?rest_route=\/wp\/v2\/pages"}],"about":[{"href":"https:\/\/brain.inesctec.pt\/index.php?rest_route=\/wp\/v2\/types\/page"}],"author":[{"embeddable":true,"href":"https:\/\/brain.inesctec.pt\/index.php?rest_route=\/wp\/v2\/users\/1"}],"replies":[{"embeddable":true,"href":"https:\/\/brain.inesctec.pt\/index.php?rest_route=%2Fwp%2Fv2%2Fcomments&post=74"}],"version-history":[{"count":5,"href":"https:\/\/brain.inesctec.pt\/index.php?rest_route=\/wp\/v2\/pages\/74\/revisions"}],"predecessor-version":[{"id":372,"href":"https:\/\/brain.inesctec.pt\/index.php?rest_route=\/wp\/v2\/pages\/74\/revisions\/372"}],"wp:attachment":[{"href":"https:\/\/brain.inesctec.pt\/index.php?rest_route=%2Fwp%2Fv2%2Fmedia&parent=74"}],"curies":[{"name":"wp","href":"https:\/\/api.w.org\/{rel}","templated":true}]}}